{"id":1155,"date":"2022-02-16T16:28:17","date_gmt":"2022-02-16T16:28:17","guid":{"rendered":"https:\/\/dev.dewriter.com\/register\/"},"modified":"2022-02-16T23:18:05","modified_gmt":"2022-02-16T23:18:05","slug":"register-subscription","status":"publish","type":"page","link":"https:\/\/dev.dewriter.com\/sv\/register-subscription\/","title":{"rendered":"Registrera konto"},"content":{"rendered":"<h3 class=\"rcp_header\">\n\t\tRegistrera nytt konto\t<\/h3>\n\n<form id=\"rcp_registration_form\"   class=\"rcp_form\"   method=\"POST\"   action=\"https:\/\/dev.dewriter.com\/sv\/wp-json\/wp\/v2\/pages\/1155\/\"  data-trp-original-action=\"https:\/\/dev.dewriter.com\/sv\/wp-json\/wp\/v2\/pages\/1155\/\">\n\n\t\n\t<div class=\"rcp_login_link\">\n\t\t<p><a href=\"https:\/\/dev.dewriter.com\/wp-login.php?redirect_to=https%3A%2F%2Fdev.dewriter.com%2Fsv%2Fwp-json%2Fwp%2Fv2%2Fpages%2F1155%2F\" >Log in<\/a> to renew or change an existing membership.<\/p>\n\t<\/div>\n\n\t\n\t<fieldset class=\"rcp_user_fieldset\">\n\t\t<p id=\"rcp_user_login_wrap\">\n\t\t\t<label for=\"rcp_user_login\">Anv\u00e4ndarnamn<\/label>\n\t\t\t<input name=\"rcp_user_login\"   id=\"rcp_user_login\"   class=\"required\"   type=\"text\" \/>\n\t\t<\/p>\n\t\t<p id=\"rcp_user_email_wrap\">\n\t\t\t<label for=\"rcp_user_email\">Email<\/label>\n\t\t\t<input name=\"rcp_user_email\"   id=\"rcp_user_email\"   class=\"required\"   type=\"text\" \/>\n\t\t<\/p>\n\t\t<p id=\"rcp_user_first_wrap\">\n\t\t\t<label for=\"rcp_user_first\">F\u00f6rnamn<\/label>\n\t\t\t<input name=\"rcp_user_first\"   id=\"rcp_user_first\"   type=\"text\" \/>\n\t\t<\/p>\n\t\t<p id=\"rcp_user_last_wrap\">\n\t\t\t<label for=\"rcp_user_last\">Efternamn<\/label>\n\t\t\t<input name=\"rcp_user_last\"   id=\"rcp_user_last\"   type=\"text\" \/>\n\t\t<\/p>\n\t\t<p id=\"rcp_password_wrap\">\n\t\t\t<label for=\"rcp_password\">L\u00f6senord<\/label>\n\t\t\t<input name=\"rcp_user_pass\"   id=\"rcp_password\"   class=\"required\"   type=\"password\"\/>\n\t\t<\/p>\n\t\t<p id=\"rcp_password_again_wrap\">\n\t\t\t<label for=\"rcp_password_again\">Upprepa l\u00f6senord<\/label>\n\t\t\t<input name=\"rcp_user_pass_confirm\"   id=\"rcp_password_again\"   class=\"required\"   type=\"password\"\/>\n\t\t<\/p>\n\n\t\t<p><label for='rcp_language' >Standardspr\u00e5k<\/label><select name='rcp_language'   id='rcp_language'><option value='en'>English<\/option><option value='se'  >Swedish<\/option><\/select><\/p>\n\t<\/fieldset>\n\t\n\t\n\t<fieldset class=\"rcp_subscription_fieldset\">\n\t\t\t\t\t\t<p class=\"rcp_subscription_message\">Choose your membership level<\/p>\n\t\t\t\t<ul id=\"rcp_subscription_levels\">\n\t\t\t\t\t\t\t\t\t\t\t<li class=\"rcp_subscription_level rcp_subscription_level_1\">\n\t\t\t\t\t<input type=\"radio\"   id=\"rcp_subscription_level_1\"   class=\"required rcp_level\"   checked=\"checked\"   name=\"rcp_level\"   rel=\"0\"  value=\"1\" data-duration=\"forever\"\/>\n\t\t\t\t\t<label for=\"rcp_subscription_level_1\" >\n\t\t\t\t\t\t<span class=\"rcp_subscription_level_name\">Gratis<\/span><span class=\"rcp_separator\">&nbsp;-&nbsp;<\/span><span class=\"rcp_price\"   rel=\"0\">gratis<\/span><span class=\"rcp_separator\">&nbsp;-&nbsp;<\/span>\n\t\t\t\t\t\t<span class=\"rcp_level_duration\">obegr\u00e4nsad<\/span>\n\t\t\t\t\t\t\t\t\t\t\t\t<div class=\"rcp_level_description\"> This is a free subscription plan with a few benefits from the Guest plan that doesn't require an account.<\/div>\n\t\t\t\t\t<\/label>\n\n\t\t\t\t<\/li>\n\t\t\t\t\t\t\t\t\t\t\t\t\t\t\t<li class=\"rcp_subscription_level rcp_subscription_level_2\">\n\t\t\t\t\t<input type=\"radio\"   id=\"rcp_subscription_level_2\"   class=\"required rcp_level\"    name=\"rcp_level\" rel=\"5.99\" value=\"2\" \/>\n\t\t\t\t\t<label for=\"rcp_subscription_level_2\">\n\t\t\t\t\t\t<span class=\"rcp_subscription_level_name\" >Dewriter<\/span><span class=\"rcp_separator\">&nbsp;-&nbsp;<\/span><span class=\"rcp_price\"   rel=\"5.99\">&#36;5,99<\/span><span class=\"rcp_separator\">&nbsp;-&nbsp;<\/span>\n\t\t\t\t\t\t<span class=\"rcp_level_duration\">1&nbsp;M\u00e5nad<\/span>\n\t\t\t\t\t\t\t\t\t\t\t\t<div class=\"rcp_level_description\"> Med denna plan f\u00e5r du full tillg\u00e5ng till all nuvarande och kommande funktionalitet i v\u00e5r smarta textredigerare.<\/div>\n\t\t\t\t\t<\/label>\n\n\t\t\t\t<\/li>\n\t\t\t\t\t\t\t\t\t\t\t\t\t\t\t<li class=\"rcp_subscription_level rcp_subscription_level_3\">\n\t\t\t\t\t<input type=\"radio\"   id=\"rcp_subscription_level_3\"   class=\"required rcp_level\"    name=\"rcp_level\" rel=\"9.99\" value=\"3\" \/>\n\t\t\t\t\t<label for=\"rcp_subscription_level_3\">\n\t\t\t\t\t\t<span class=\"rcp_subscription_level_name\">Contributor<\/span><span class=\"rcp_separator\">&nbsp;-&nbsp;<\/span><span class=\"rcp_price\"   rel=\"9.99\">&#36;9,99<\/span><span class=\"rcp_separator\">&nbsp;-&nbsp;<\/span>\n\t\t\t\t\t\t<span class=\"rcp_level_duration\">1&nbsp;M\u00e5nad<\/span>\n\t\t\t\t\t\t\t\t\t\t\t\t<div class=\"rcp_level_description\"> Med denna plan f\u00e5r du full och obegr\u00e4nsad tillg\u00e5ng till alla v\u00e5ra nuvarande och kommande tj\u00e4nster.<\/div>\n\t\t\t\t\t<\/label>\n\n\t\t\t\t<\/li>\n\t\t\t\t\t\t\t\t\t<\/ul>\n\t\t<\/fieldset>\n\n\t\n\t\t<div class=\"rcp_registration_total\"><\/div>\n\t\n\t<div class=\"rcp_gateway_fields\">\n\t\t\t\t\t\t\t\t\t<input type=\"hidden\"   name=\"rcp_gateway\"   value=\"stripe\"   data-supports-recurring=\"yes\"  data-supports-trial=\"yes\"\/>\n\t\t\t\t\t\t<\/div>\n\n\t\n\t\n\t\t<input type=\"hidden\"   id=\"rcp-registration-type\"   name=\"registration_type\"  value=\"\" \/>\n\t<input type=\"hidden\"   id=\"rcp-membership-id\"   name=\"membership_id\" value=\"0\" \/>\n\t<input type=\"hidden\"   id=\"rcp-payment-id\"   name=\"rcp_registration_payment_id\" value=\"0\" \/>\n\t\n\t\n\t<p id=\"rcp_submit_wrap\">\n\t\t<input type=\"hidden\"   name=\"rcp_register_nonce\"  value=\"2b1f2dc320\"\/>\n\t\t<input type=\"submit\"   name=\"rcp_submit_registration\"   id=\"rcp_submit\"   class=\"rcp-button\"  value=\"Registrera\"\/>\n\t<\/p>\n<input type=\"hidden\"  name=\"trp-form-language\"  value=\"sv\"\/><\/form>","protected":false},"excerpt":{"rendered":"","protected":false},"author":1,"featured_media":0,"parent":0,"menu_order":0,"comment_status":"closed","ping_status":"closed","template":"","meta":{"site-sidebar-layout":"default","site-content-layout":"default","ast-main-header-display":"","ast-hfb-above-header-display":"","ast-hfb-below-header-display":"","ast-hfb-mobile-header-display":"","site-post-title":"","ast-breadcrumbs-content":"","ast-featured-img":"","footer-sml-layout":"","theme-transparent-header-meta":"","adv-header-id-meta":"","stick-header-meta":"","header-above-stick-meta":"","header-main-stick-meta":"","header-below-stick-meta":""},"_links":{"self":[{"href":"https:\/\/dev.dewriter.com\/sv\/wp-json\/wp\/v2\/pages\/1155"}],"collection":[{"href":"https:\/\/dev.dewriter.com\/sv\/wp-json\/wp\/v2\/pages"}],"about":[{"href":"https:\/\/dev.dewriter.com\/sv\/wp-json\/wp\/v2\/types\/page"}],"author":[{"embeddable":true,"href":"https:\/\/dev.dewriter.com\/sv\/wp-json\/wp\/v2\/users\/1"}],"replies":[{"embeddable":true,"href":"https:\/\/dev.dewriter.com\/sv\/wp-json\/wp\/v2\/comments?post=1155"}],"version-history":[{"count":8,"href":"https:\/\/dev.dewriter.com\/sv\/wp-json\/wp\/v2\/pages\/1155\/revisions"}],"predecessor-version":[{"id":1215,"href":"https:\/\/dev.dewriter.com\/sv\/wp-json\/wp\/v2\/pages\/1155\/revisions\/1215"}],"wp:attachment":[{"href":"https:\/\/dev.dewriter.com\/sv\/wp-json\/wp\/v2\/media?parent=1155"}],"curies":[{"name":"wp","href":"https:\/\/api.w.org\/{rel}","templated":true}]}}