{"id":661,"date":"2022-02-09T20:49:57","date_gmt":"2022-02-09T20:49:57","guid":{"rendered":"https:\/\/dev.dewriter.com\/?page_id=661"},"modified":"2022-03-03T22:02:34","modified_gmt":"2022-03-03T22:02:34","slug":"contact","status":"publish","type":"page","link":"https:\/\/dev.dewriter.com\/sv\/contact\/","title":{"rendered":"Kontakt"},"content":{"rendered":"<div data-elementor-type=\"wp-page\"  data-elementor-id=\"661\"  class=\"elementor elementor-661\"  data-elementor-settings=\"[]\">\n\t\t\t\t\t\t\t<div class=\"elementor-section-wrap\" >\n\t\t\t\t\t\t\t<section class=\"elementor-section elementor-top-section elementor-element elementor-element-055daaf elementor-section-boxed elementor-section-height-default elementor-section-height-default\"   data-id=\"055daaf\"   data-element_type=\"section\">\n\t\t\t\t\t\t<div class=\"elementor-container elementor-column-gap-default\">\n\t\t\t\t\t<div class=\"elementor-column elementor-col-100 elementor-top-column elementor-element elementor-element-c8b7a53\"   data-id=\"c8b7a53\" data-element_type=\"column\">\n\t\t\t<div class=\"elementor-widget-wrap elementor-element-populated\">\n\t\t\t\t\t\t\t\t<div class=\"elementor-element elementor-element-e9755b0 elementor-widget elementor-widget-heading\"   data-id=\"e9755b0\"  data-element_type=\"widget\" data-widget_type=\"heading.default\">\n\t\t\t\t<div class=\"elementor-widget-container\">\n\t\t\t<h1 class=\"elementor-heading-title elementor-size-default\">Contact us\u200b<\/h1>\t\t<\/div>\n\t\t\t\t<\/div>\n\t\t\t\t\t<\/div>\n\t\t<\/div>\n\t\t\t\t\t\t\t<\/div>\n\t\t<\/section>\n\t\t\t\t<section class=\"elementor-section elementor-top-section elementor-element elementor-element-286a762 elementor-section-boxed elementor-section-height-default elementor-section-height-default\"   data-id=\"286a762\"   data-element_type=\"section\">\n\t\t\t\t\t\t<div class=\"elementor-container elementor-column-gap-default\">\n\t\t\t\t\t<div class=\"elementor-column elementor-col-50 elementor-top-column elementor-element elementor-element-87779f7\"   data-id=\"87779f7\" data-element_type=\"column\">\n\t\t\t<div class=\"elementor-widget-wrap elementor-element-populated\">\n\t\t\t\t\t\t\t\t<div class=\"elementor-element elementor-element-c6641f8 elementor-widget elementor-widget-text-editor\"   data-id=\"c6641f8\"  data-element_type=\"widget\" data-widget_type=\"text-editor.default\">\n\t\t\t\t<div class=\"elementor-widget-container\">\n\t\t\t\t\t\t\t<p>Du \u00e4r alltid varmt v\u00e4lkommen att kontakta oss via formul\u00e4ret. Vi kommer att svara p\u00e5 din f\u00f6rfr\u00e5gan s\u00e5 snart det bara \u00e4r m\u00f6jligt.<\/p><p>Om du har n\u00e5gra f\u00f6rfr\u00e5gningar g\u00e4llande v\u00e5ra tj\u00e4nster eller f\u00f6rslag p\u00e5 nya funktioner, v\u00e4nligen meddela oss snarast. Vi har en l\u00e5ng lista med funktioner, verktyg och tj\u00e4nster som kommer att implementeras med tiden men vi \u00e4r alltid intresserade av vad just du vill att vi skall implementera.<\/p><p>Vi \u00e4r v\u00e4ldigt angel\u00e4gna om att veta hur du tror att vi skulle kunna f\u00f6rb\u00e4ttra v\u00e5ra verktyg och tj\u00e4nster. Om du hittar n\u00e5got som inte st\u00e4mmer med v\u00e5ra tj\u00e4nster, uttalanden vi g\u00f6r i v\u00e5ra texter som inte l\u00e4ngre \u00e4r giltiga eller om de \u00e4r uppenbart felaktiga eller n\u00e5got annat som du tycker att vi b\u00f6r korrigera eller f\u00f6rb\u00e4ttra. V\u00e4nligen meddela oss.<\/p><p>Vi \u00e4r lika intresserade av att fixa eventuella buggar eller fel i v\u00e5ra verktyg, s\u00e5 om du hittar n\u00e5got som inte fungerar eller blir fel n\u00e4r du anv\u00e4nder v\u00e5ra tj\u00e4nster och verktyg, l\u00e5t oss veta s\u00e5 snart som m\u00f6jligt s\u00e5 att vi kan fixa det s\u00e5 snart som m\u00f6jligt.<\/p>\t\t\t\t\t\t<\/div>\n\t\t\t\t<\/div>\n\t\t\t\t\t<\/div>\n\t\t<\/div>\n\t\t\t\t<div class=\"elementor-column elementor-col-50 elementor-top-column elementor-element elementor-element-5ed434f\"   data-id=\"5ed434f\"   data-element_type=\"column\">\n\t\t\t<div class=\"elementor-widget-wrap elementor-element-populated\">\n\t\t\t\t\t\t\t\t<div class=\"elementor-element elementor-element-ceecfec elementor-button-align-stretch elementor-widget elementor-widget-form\"   data-id=\"ceecfec\"   data-element_type=\"widget\"   data-settings=\"{&quot;button_width&quot;:&quot;20&quot;,&quot;step_next_label&quot;:&quot;N\\u00e4sta&quot;,&quot;step_previous_label&quot;:&quot;F\\u00f6reg\\u00e5ende&quot;,&quot;step_type&quot;:&quot;number_text&quot;,&quot;step_icon_shape&quot;:&quot;circle&quot;}\"  data-widget_type=\"form.default\">\n\t\t\t\t<div class=\"elementor-widget-container\">\n\t\t\t\t\t<form class=\"elementor-form\"  method=\"post\"  name=\"Contact form\" action=\"\">\n\t\t\t<input type=\"hidden\"  name=\"post_id\" value=\"661\"\/>\n\t\t\t<input type=\"hidden\" name=\"form_id\" value=\"ceecfec\"\/>\n\t\t\t<input type=\"hidden\"  name=\"referer_title\" value=\"dewriter.com\" \/>\n\n\t\t\t\n\t\t\t<div class=\"elementor-form-fields-wrapper elementor-labels-above\">\n\t\t\t\t\t\t\t\t<div class=\"elementor-field-type-text elementor-field-group elementor-column elementor-field-group-name elementor-col-100\">\n\t\t\t\t\t\t\t\t\t\t\t\t<label for=\"form-field-name\"  class=\"elementor-field-label\">\n\t\t\t\t\t\t\t\tNamn\t\t\t\t\t\t\t<\/label>\n\t\t\t\t\t\t\t\t\t\t\t\t\t\t<input size=\"1\"   type=\"text\"   name=\"form_fields[name]\"   id=\"form-field-name\"   class=\"elementor-field elementor-size-sm  elementor-field-textual\" placeholder=\"Namn\">\n\t\t\t\t\t\t\t\t\t\t\t<\/div>\n\t\t\t\t\t\t\t\t<div class=\"elementor-field-type-email elementor-field-group elementor-column elementor-field-group-email elementor-col-100 elementor-field-required\">\n\t\t\t\t\t\t\t\t\t\t\t\t<label for=\"form-field-email\"  class=\"elementor-field-label\">\n\t\t\t\t\t\t\t\tE-post\t\t\t\t\t\t\t<\/label>\n\t\t\t\t\t\t\t\t\t\t\t\t\t\t<input size=\"1\"   type=\"email\"   name=\"form_fields[email]\"   id=\"form-field-email\"   class=\"elementor-field elementor-size-sm  elementor-field-textual\"   placeholder=\"E-post\"   required=\"required\" aria-required=\"true\">\n\t\t\t\t\t\t\t\t\t\t\t<\/div>\n\t\t\t\t\t\t\t\t<div class=\"elementor-field-type-select elementor-field-group elementor-column elementor-field-group-field_fa8da8c elementor-col-100 elementor-field-required\">\n\t\t\t\t\t\t\t\t\t\t\t\t<label for=\"form-field-field_fa8da8c\"  class=\"elementor-field-label\">\n\t\t\t\t\t\t\t\tTyp av \u00e4rende\t\t\t\t\t\t\t<\/label>\n\t\t\t\t\t\t\t\t<div class=\"elementor-field elementor-select-wrapper\">\n\t\t\t<select name=\"form_fields[field_fa8da8c]\"   id=\"form-field-field_fa8da8c\"   class=\"elementor-field-textual elementor-size-sm\"   required=\"required\"  aria-required=\"true\">\n\t\t\t\t\t\t\t\t\t<option value=\"feature_suggestion\">Feature suggestion<\/option>\n\t\t\t\t\t\t\t\t\t<option value=\"bug_report\">Bug report<\/option>\n\t\t\t\t\t\t\t\t\t<option value=\"account_and_subscription\">Account &amp; subscription<\/option>\n\t\t\t\t\t\t\t\t\t<option value=\"other\">Other<\/option>\n\t\t\t\t\t\t\t<\/select>\n\t\t<\/div>\n\t\t\t\t\t\t<\/div>\n\t\t\t\t\t\t\t\t<div class=\"elementor-field-type-textarea elementor-field-group elementor-column elementor-field-group-message elementor-col-100\">\n\t\t\t\t\t\t\t\t\t\t\t\t<label for=\"form-field-message\"  class=\"elementor-field-label\">\n\t\t\t\t\t\t\t\tMeddelande\t\t\t\t\t\t\t<\/label>\n\t\t\t\t\t\t<textarea class=\"elementor-field-textual elementor-field  elementor-size-sm\"   name=\"form_fields[message]\"   id=\"form-field-message\"   rows=\"4\"   placeholder=\"Meddelande\"><\/textarea>\t\t\t\t<\/div>\n\t\t\t\t\t\t\t\t<div class=\"elementor-field-group elementor-column elementor-field-type-submit elementor-col-20 e-form__buttons\">\n\t\t\t\t\t<button type=\"submit\"   class=\"elementor-button elementor-size-sm\">\n\t\t\t\t\t\t<span >\n\t\t\t\t\t\t\t\t\t\t\t\t\t\t\t<span class=\"elementor-align-icon-left elementor-button-icon\">\n\t\t\t\t\t\t\t\t\t<i aria-hidden=\"true\"  class=\"fas fa-envelope\"><\/i>\t\t\t\t\t\t\t\t\t\t\t\t\t\t\t\t\t<\/span>\n\t\t\t\t\t\t\t\t\t\t\t\t\t\t\t\t\t\t\t\t\t\t<span class=\"elementor-button-text\">Submit<\/span>\n\t\t\t\t\t\t\t\t\t\t\t\t\t<\/span>\n\t\t\t\t\t<\/button>\n\t\t\t\t<\/div>\n\t\t\t<\/div>\n\t\t<input type=\"hidden\"  name=\"trp-form-language\"  value=\"sv\"\/><\/form>\n\t\t\t\t<\/div>\n\t\t\t\t<\/div>\n\t\t\t\t\t<\/div>\n\t\t<\/div>\n\t\t\t\t\t\t\t<\/div>\n\t\t<\/section>\n\t\t\t\t\t\t<\/div>\n\t\t\t\t\t<\/div>","protected":false},"excerpt":{"rendered":"<p>Contact us\u200b Always feel welcome to contact us through the contact form. We will answer your inquiry as soon as we possible can. If you have any feature requests or feature suggestions, please let us know. We have a long list of features that will be added to our services in time but we are &hellip;<\/p>\n<p class=\"read-more\"> <a class=\"ast-button\"   href=\"https:\/\/dev.dewriter.com\/sv\/contact\/\"> <span class=\"screen-reader-text\">Kontakt<\/span> Read More \u00bb<\/a><\/p>","protected":false},"author":1,"featured_media":0,"parent":0,"menu_order":0,"comment_status":"closed","ping_status":"closed","template":"","meta":{"site-sidebar-layout":"no-sidebar","site-content-layout":"page-builder","ast-main-header-display":"","ast-hfb-above-header-display":"","ast-hfb-below-header-display":"","ast-hfb-mobile-header-display":"","site-post-title":"disabled","ast-breadcrumbs-content":"","ast-featured-img":"disabled","footer-sml-layout":"","theme-transparent-header-meta":"","adv-header-id-meta":"","stick-header-meta":"","header-above-stick-meta":"","header-main-stick-meta":"","header-below-stick-meta":""},"_links":{"self":[{"href":"https:\/\/dev.dewriter.com\/sv\/wp-json\/wp\/v2\/pages\/661"}],"collection":[{"href":"https:\/\/dev.dewriter.com\/sv\/wp-json\/wp\/v2\/pages"}],"about":[{"href":"https:\/\/dev.dewriter.com\/sv\/wp-json\/wp\/v2\/types\/page"}],"author":[{"embeddable":true,"href":"https:\/\/dev.dewriter.com\/sv\/wp-json\/wp\/v2\/users\/1"}],"replies":[{"embeddable":true,"href":"https:\/\/dev.dewriter.com\/sv\/wp-json\/wp\/v2\/comments?post=661"}],"version-history":[{"count":54,"href":"https:\/\/dev.dewriter.com\/sv\/wp-json\/wp\/v2\/pages\/661\/revisions"}],"predecessor-version":[{"id":1494,"href":"https:\/\/dev.dewriter.com\/sv\/wp-json\/wp\/v2\/pages\/661\/revisions\/1494"}],"wp:attachment":[{"href":"https:\/\/dev.dewriter.com\/sv\/wp-json\/wp\/v2\/media?parent=661"}],"curies":[{"name":"wp","href":"https:\/\/api.w.org\/{rel}","templated":true}]}}