{"id":793,"date":"2022-02-11T13:00:34","date_gmt":"2022-02-11T13:00:34","guid":{"rendered":"https:\/\/dev.dewriter.com\/?page_id=793"},"modified":"2022-03-03T21:40:34","modified_gmt":"2022-03-03T21:40:34","slug":"about-us","status":"publish","type":"page","link":"https:\/\/dev.dewriter.com\/sv\/about-us\/","title":{"rendered":"Om oss"},"content":{"rendered":"<div data-elementor-type=\"wp-page\"  data-elementor-id=\"793\"  class=\"elementor elementor-793\"  data-elementor-settings=\"[]\">\n\t\t\t\t\t\t\t<div class=\"elementor-section-wrap\">\n\t\t\t\t\t\t\t<section class=\"elementor-section elementor-top-section elementor-element elementor-element-c63ece7 elementor-section-boxed elementor-section-height-default elementor-section-height-default\"   data-id=\"c63ece7\"   data-element_type=\"section\">\n\t\t\t\t\t\t<div class=\"elementor-container elementor-column-gap-default\">\n\t\t\t\t\t<div class=\"elementor-column elementor-col-66 elementor-top-column elementor-element elementor-element-8be305a\"   data-id=\"8be305a\" data-element_type=\"column\">\n\t\t\t<div class=\"elementor-widget-wrap elementor-element-populated\">\n\t\t\t\t\t\t\t\t<div class=\"elementor-element elementor-element-e9755b0 elementor-widget elementor-widget-heading\"   data-id=\"e9755b0\"  data-element_type=\"widget\" data-widget_type=\"heading.default\">\n\t\t\t\t<div class=\"elementor-widget-container\">\n\t\t\t<h1 class=\"elementor-heading-title elementor-size-default\">Om oss<\/h1>\t\t<\/div>\n\t\t\t\t<\/div>\n\t\t\t\t<div class=\"elementor-element elementor-element-f2cb9e1 elementor-widget elementor-widget-text-editor\"   data-id=\"f2cb9e1\"   data-element_type=\"widget\"   data-widget_type=\"text-editor.default\">\n\t\t\t\t<div class=\"elementor-widget-container\">\n\t\t\t\t\t\t\t<p><!-- wp:paragraph --><\/p>\n<p>Dewriter \u00e4r inte bara en smart textredigerare, det \u00e4r mer \u00e4n s\u00e5. Dewriter kommer att bli en hel svit av verktyg och tj\u00e4nster. Dewriter \u00e4r namnet p\u00e5 v\u00e5r text-editor, eftersom det \u00e4r v\u00e5rt huvudverktyg, men det \u00e4r ocks\u00e5 namnet p\u00e5 hela verktygssviten vi bygger.<\/p>\n<p>Vi gillar bra inneh\u00e5ll \u00f6verlag och vi tycker att det beh\u00f6vs b\u00e4ttre strukturerat inneh\u00e5ll \u00f6verallt. Det spelar ingen roll om inneh\u00e5llet \u00e4r avsett f\u00f6r en webbsida online eller om inneh\u00e5llet \u00e4r avsett f\u00f6r ett offline-dokument. Inneh\u00e5llet ska alltid vara v\u00e4lstrukturerat och v\u00e4lformaterat f\u00f6r en b\u00e4ttre l\u00e4sbarhet och d\u00e4rmed \u00e4ven en b\u00e4ttre upplevelse f\u00f6r l\u00e4saren.<\/p>\n<p><!-- \/wp:paragraph --><!-- wp:paragraph --><\/p>\n<p>V\u00e5rt m\u00e5l \u00e4r helt enkelt att tillhandah\u00e5lla verktyg och tj\u00e4nster som kan hj\u00e4lpa dig skapa b\u00e4ttre inneh\u00e5ll.<\/p>\n<p><!-- \/wp:paragraph --><!-- wp:paragraph --><\/p>\n<p>Dewriter.com tillhandah\u00e5ller tj\u00e4nster och verktyg som huvudsakligen fokuserar p\u00e5 inneh\u00e5ll och text. V\u00e5ra verktyg \u00e4r inte prim\u00e4rt framtagna f\u00f6r s\u00f6kmotoroptimering (SEO) utan snarare f\u00f6r b\u00e4ttre inneh\u00e5ll i allm\u00e4nhet, oavsett om det \u00e4r skapat f\u00f6r webben eller inte. En positiv och uppskattad konsekvens av inneh\u00e5ll skrivet i v\u00e5r inneh\u00e5lls- och textredigerare \u00e4r dock att det med st\u00f6rsta sannolikhet kommer att \u00f6ka chanserna till en b\u00e4ttre ranking i s\u00f6kmotorerna, om inneh\u00e5llet \u00e4r skapat f\u00f6r webbsidor allts\u00e5.<\/p>\n<p><!-- \/wp:paragraph --><!-- wp:paragraph --><\/p>\n<p>Vi har bara lanserat ett verktyg f\u00f6r tillf\u00e4llet, v\u00e5rt huvudverktyg. V\u00e5r smarta inneh\u00e5lls- och textredigerare. Vi har dock en lista med ett 20-tal andra verktyg och tj\u00e4nster som vi redan arbetar med och som kommer att lanseras inom en snar framtid. Om du har ett registrerat konto,\u00a0startat en prenumeration eller om du har registrerat dig f\u00f6r v\u00e5rt nyhetsbrev kommer du att h\u00f6ra mer om dessa kommande tj\u00e4nster och dess status i f\u00f6rv\u00e4g. Om inte, kommer du att f\u00e5 reda p\u00e5 dem p\u00e5 v\u00e5r webbsida n\u00e4r de v\u00e4l lanseras.<\/p>\n<h2>Priser och prenumerationsplaner<\/h2>\n<p>Dewriter har egentligen ingen finansiering och det finns inga investerare bakom projektet. Fr\u00e4mst \u00e4r det jag sj\u00e4lv som jobbar med detta p\u00e5 min fritid, ibland med en hj\u00e4lpande hand av andra utvecklare som tycker det \u00e4r ett sp\u00e4nnande projekt.<\/p>\n<p>Sj\u00e4lva text-editorn Dewriter kommer alltid att vara gratis att anv\u00e4nda med alla dess nyckelfunktioner, vissa funktioner kommer dock att vara exklusiva f\u00f6r anv\u00e4ndare som har en betald prenumerationsplan. Denna plan har en liten avgift kopplad till sig varje m\u00e5nad och int\u00e4kterna fr\u00e5n den kommer utan undantag att anv\u00e4ndas till ytterligare utveckling och f\u00f6rb\u00e4ttringar av editorn samt till underh\u00e5ll av den. Servrar, hosting och \u00f6vriga tj\u00e4nster vi sj\u00e4lva anv\u00e4nder kostar tyv\u00e4rr pengar och detta beh\u00f6ver vi t\u00e4ckning f\u00f6r. Inte ett enda \u00f6re fr\u00e5n eventuella int\u00e4kter fr\u00e5n text-editorn kommer att g\u00e5 till n\u00e5gon form av vinst eller ens till l\u00f6ner f\u00f6r mig sj\u00e4lv eller n\u00e5gon annan som jobbar med den.\u00a0<\/p>\n<p>V\u00e5rt m\u00e5l \u00e4r s\u00e5 klart att kunna ha flera utvecklare som arbetar heltid med b\u00e5de textredigeraren och andra verktyg och tj\u00e4nster som vi planerar att lansera och \u00e4ven utvecklar just nu . D\u00e4rf\u00f6r har vi \u00e4ven tagit fram en annan betald prenumerationsplan som kostar n\u00e5gra kronor mer. Det \u00e4r bara eventuella int\u00e4kter fr\u00e5n denna plan som, om vi n\u00e5r dit, kommer att g\u00e5 till l\u00f6ner f\u00f6r heltidsutveklare. Om du v\u00e4ljer att prenumerera p\u00e5 denna plan kommer vi att betrakta dig som n\u00e5gon sorts superhj\u00e4lte och du kommer alltid att ha v\u00e5r uppriktiga respekt. N\u00e4r du registrerar dig f\u00f6r denna plan kommer du alltid att ha full tillg\u00e5ng till alla v\u00e5ra kommande tj\u00e4nster utan begr\u00e4nsningar och vem vet, du kanske kommer att sova b\u00e4ttre p\u00e5 natten ocks\u00e5 eftersom du vet att du bidrar till n\u00e5got bra och v\u00e4rdefullt.<\/p>\n<p><!-- \/wp:paragraph --><\/p>\t\t\t\t\t\t<\/div>\n\t\t\t\t<\/div>\n\t\t\t\t<div class=\"elementor-element elementor-element-ee73609 elementor-widget-divider--view-line elementor-widget elementor-widget-divider\"   data-id=\"ee73609\"   data-element_type=\"widget\"   data-widget_type=\"divider.default\">\n\t\t\t\t<div class=\"elementor-widget-container\">\n\t\t\t\t\t<div class=\"elementor-divider\">\n\t\t\t<span class=\"elementor-divider-separator\">\n\t\t\t\t\t\t<\/span>\n\t\t<\/div>\n\t\t\t\t<\/div>\n\t\t\t\t<\/div>\n\t\t\t\t<div class=\"elementor-element elementor-element-32ac891 elementor-widget elementor-widget-heading\"   data-id=\"32ac891\"   data-element_type=\"widget\"   data-widget_type=\"heading.default\">\n\t\t\t\t<div class=\"elementor-widget-container\">\n\t\t\t<h2 class=\"elementor-heading-title elementor-size-default\">V\u00e5ra nuvarande verktyg och tj\u00e4nster<\/h2>\t\t<\/div>\n\t\t\t\t<\/div>\n\t\t\t\t<div class=\"elementor-element elementor-element-8fef05b elementor-widget elementor-widget-text-editor\"   data-id=\"8fef05b\"   data-element_type=\"widget\"   data-widget_type=\"text-editor.default\">\n\t\t\t\t<div class=\"elementor-widget-container\">\n\t\t\t\t\t\t\t<h3>Dewriter<\/h3>\n<p>V\u00e5rt f\u00f6rsta och prim\u00e4ra verktyg \u00e4r v\u00e5r textredigerare vi kallar f\u00f6r \"Dewriter\". Kanske ser den inte mycket ut f\u00f6r v\u00e4rlden men under huven \u00e4r den \u00e4nd\u00e5 ganska komplex. Den har massor av smidiga funktioner f\u00f6r dig som skriver mycket text. Du kan l\u00e4sa en kort sammanfattning av n\u00e5gra av dess funktioner i listan nedan.<\/p>\n<h4><strong>Core features of Dewriter<\/strong>:<\/h4>\n<ul>\n<li>Den l\u00e5ter dig strukturera din text p\u00e5 ett b\u00e4ttre s\u00e4tt med en korrekt formatering.\u00a0<\/li>\n<li>Den granskar uppm\u00e4rkningen av texten och ger dig f\u00f6rslag p\u00e5 f\u00f6rb\u00e4ttringar i realtid f\u00f6r en b\u00e4ttre struktur.<\/li>\n<li>Den granskar orden, meningarna, paragraferna, rubrikerna och mycket mer.<\/li>\n<li>Den inneh\u00e5ller m\u00e4ngder med orddata, du f\u00e5r listor p\u00e5 synonymer, definitioner, exempelmeningar, b\u00f6jningar och annan relaterad data om varje ord.<\/li>\n<li>Du kan summera din text d\u00e4r v\u00e5ra algoritmer f\u00f6rs\u00f6ker f\u00f6rst\u00e5 vilka meningar som v\u00e4ger tyngst i din text och p\u00e5 det s\u00e4tter skapa sammanfattningar av ditt inneh\u00e5ll.<\/li>\n<li>V\u00e5ra algoritmer r\u00e4knar ut de viktigaste nyckelorden fr\u00e5n ditt inneh\u00e5ll.<\/li>\n<li>Den r\u00e4knar ut de viktigaste s\u00f6korden och s\u00f6kfraserna baserat p\u00e5 ditt inneh\u00e5ll.<\/li>\n<\/ul>\n<p>Vi har n\u00e4mnt det tidigare men v\u00e5r smarta inneh\u00e5lls-editor kommer alltid att vara gratis att anv\u00e4nda med alla dess nyckelfunktioner men vi har \u00e4ven en betald plan. Servrar och infrastruktur kostar som sagt pengar och det \u00e4r d\u00e4rf\u00f6r vi har denna plan, inte en enda krona g\u00e5r till vinst eller till v\u00e5ra egna fickor om du v\u00e4ljer att st\u00f6dja denna del av projektet. Allt kommer att g\u00e5 till vidareutveckling och f\u00f6rb\u00e4ttringar av textredigeraren.<\/p>\n<h4><strong>Ut\u00f6ver nyckelfunktionerna f\u00e5r betalande anv\u00e4ndare \u00e4ven f\u00f6ljande:<\/strong>:<\/h4>\n<ul>\n<li>M\u00f6jlighet att spara inneh\u00e5llet\/artikeln f\u00f6r att kunna forts\u00e4tta arbetet vid ett senare tillf\u00e4lle.<\/li>\n<li>Spara eller skriva ut inneh\u00e5llet som en PDF-fil d\u00e4r det finns m\u00f6jlighet att v\u00e4lja vad PDF-filen skall inneh\u00e5lla. Bara den formaterade texten? Kanske vill du \u00e4ven ha med metadatan eller textens uppm\u00e4rkning ocks\u00e5?<\/li>\n<li>Full tillg\u00e5ng till alla framtida funktioner som planeras att implementeras i text-editorn.<\/li>\n<\/ul>\t\t\t\t\t\t<\/div>\n\t\t\t\t<\/div>\n\t\t\t\t<div class=\"elementor-element elementor-element-9ac6689 elementor-widget elementor-widget-text-editor\"   data-id=\"9ac6689\"   data-element_type=\"widget\"   data-widget_type=\"text-editor.default\">\n\t\t\t\t<div class=\"elementor-widget-container\">\n\t\t\t\t\t\t\t<h4>Testa nu eller l\u00e4s mer om v\u00e5r smarta textredigerare nu<b>?<\/b><\/h4>\t\t\t\t\t\t<\/div>\n\t\t\t\t<\/div>\n\t\t\t\t<div class=\"elementor-element elementor-element-0066df0 elementor-widget__width-auto elementor-widget elementor-widget-button\"   data-id=\"0066df0\"   data-element_type=\"widget\"   data-widget_type=\"button.default\">\n\t\t\t\t<div class=\"elementor-widget-container\">\n\t\t\t\t\t<div class=\"elementor-button-wrapper\">\n\t\t\t<a href=\"https:\/\/dev.dewriter.com\/sv\/dewriter\/\"   class=\"elementor-button-link elementor-button elementor-size-sm\" role=\"button\">\n\t\t\t\t\t\t<span class=\"elementor-button-content-wrapper\">\n\t\t\t\t\t\t<span class=\"elementor-button-icon elementor-align-icon-left\">\n\t\t\t\t<i aria-hidden=\"true\"  class=\"fas fa-arrow-alt-circle-right\"><\/i>\t\t\t<\/span>\n\t\t\t\t\t\t<span class=\"elementor-button-text\">Anv\u00e4nd nu<\/span>\n\t\t<\/span>\n\t\t\t\t\t<\/a>\n\t\t<\/div>\n\t\t\t\t<\/div>\n\t\t\t\t<\/div>\n\t\t\t\t<div class=\"elementor-element elementor-element-d764860 elementor-align-left elementor-widget__width-auto elementor-widget elementor-widget-button\"   data-id=\"d764860\"   data-element_type=\"widget\"   data-widget_type=\"button.default\">\n\t\t\t\t<div class=\"elementor-widget-container\">\n\t\t\t\t\t<div class=\"elementor-button-wrapper\">\n\t\t\t<a href=\"https:\/\/dev.dewriter.com\/sv\/dewriter\/om-dewriter\/\"   class=\"elementor-button-link elementor-button elementor-size-sm\" role=\"button\">\n\t\t\t\t\t\t<span class=\"elementor-button-content-wrapper\">\n\t\t\t\t\t\t<span class=\"elementor-button-icon elementor-align-icon-left\">\n\t\t\t\t<i aria-hidden=\"true\" class=\"fas fa-info-circle\"><\/i>\t\t\t<\/span>\n\t\t\t\t\t\t<span class=\"elementor-button-text\">L\u00e4s mer<\/span>\n\t\t<\/span>\n\t\t\t\t\t<\/a>\n\t\t<\/div>\n\t\t\t\t<\/div>\n\t\t\t\t<\/div>\n\t\t\t\t<div class=\"elementor-element elementor-element-f3bca9e elementor-widget-divider--view-line elementor-widget elementor-widget-divider\"   data-id=\"f3bca9e\"   data-element_type=\"widget\"   data-widget_type=\"divider.default\">\n\t\t\t\t<div class=\"elementor-widget-container\">\n\t\t\t\t\t<div class=\"elementor-divider\">\n\t\t\t<span class=\"elementor-divider-separator\">\n\t\t\t\t\t\t<\/span>\n\t\t<\/div>\n\t\t\t\t<\/div>\n\t\t\t\t<\/div>\n\t\t\t\t<div class=\"elementor-element elementor-element-ca9aeab elementor-widget elementor-widget-text-editor\"   data-id=\"ca9aeab\"   data-element_type=\"widget\"   data-widget_type=\"text-editor.default\">\n\t\t\t\t<div class=\"elementor-widget-container\">\n\t\t\t\t\t\t\t<h3>N\u00e4sta i k\u00f6n...<\/h3>\n<p>Vi arbetar i dagsl\u00e4get med flera andra verktyg och kommer att sl\u00e4ppa dem n\u00e4r vi tror att de \u00e4r tillr\u00e4ckligt bra f\u00f6r att sl\u00e4ppas helt enkelt. F\u00f6rutom n\u00e5gra sm\u00e5 n\u00e4tverksverktyg \u00e4r v\u00e5r n\u00e4sta lite st\u00f6rre tj\u00e4nst ett slags summeringsextraheringsverktyg f\u00f6r webbsidor.\u00a0<\/p>\n<p>L\u00e5t oss s\u00e4ga att du vill sammanfatta inneh\u00e5llet fr\u00e5n en webbsida, d\u00e5 kan du bara knappa in webbadressen i ett simpelt formul\u00e4r och sedan f\u00e5 en sammanfattning av inneh\u00e5llet p\u00e5 den specifika webbsidan.<\/p>\n<p>Vi v\u00e5gar inte lova exakt n\u00e4r denna tj\u00e4nst kommer att lanseras men v\u00e5rt m\u00e5l \u00e4r att den skall sl\u00e4ppas i slutet av mars eller b\u00f6rjan av april.<\/p>\t\t\t\t\t\t<\/div>\n\t\t\t\t<\/div>\n\t\t\t\t\t<\/div>\n\t\t<\/div>\n\t\t\t\t<div class=\"elementor-column elementor-col-33 elementor-top-column elementor-element elementor-element-d467213\"   data-id=\"d467213\"   data-element_type=\"column\">\n\t\t\t<div class=\"elementor-widget-wrap elementor-element-populated\">\n\t\t\t\t\t\t\t\t<div class=\"elementor-element elementor-element-1083266 elementor-widget elementor-widget-progress-tracker\"   data-id=\"1083266\"   data-element_type=\"widget\"   data-settings=\"{&quot;type&quot;:&quot;circular&quot;,&quot;percentage&quot;:&quot;yes&quot;,&quot;sticky&quot;:&quot;top&quot;,&quot;sticky_offset&quot;:80,&quot;sticky_parent&quot;:&quot;yes&quot;,&quot;relative_to&quot;:&quot;entire_page&quot;,&quot;sticky_on&quot;:[&quot;desktop&quot;,&quot;tablet&quot;,&quot;mobile&quot;],&quot;sticky_effects_offset&quot;:0}\"   data-widget_type=\"progress-tracker.default\">\n\t\t\t\t<div class=\"elementor-widget-container\">\n\t\t\t\n\t\t<div class=\"elementor-scrolling-tracker elementor-scrolling-tracker-circular elementor-scrolling-tracker-alignment-\">\n\t\t\t\t\t\t<svg\n\t\t\t\t\t\twidth=\"100%\" \n\t\t\t\t\t\theight=\"100%\">\n\t\t\t\t\t<circle class=\"circle\"  \n\t\t\t\t\t\t\tr=\"40%\" \n\t\t\t\t\t\t\tcx=\"50%\" \n\t\t\t\t\t\t\tcy=\"50%\"\/>\n\n\t\t\t\t\t<circle class=\"current-progress\"  \n\t\t\t\t\t\t\tr=\"40%\" \n\t\t\t\t\t\t\tcx=\"50%\"\n\t\t\t\t\t\t\tcy=\"50%\"\/>\n\t\t\t\t<\/svg>\n\t\t\t\t<div class=\"current-progress-percentage\"><\/div>\n\t\t\t\t<\/div>\n\t\t\t\t<\/div>\n\t\t\t\t<\/div>\n\t\t\t\t\t<\/div>\n\t\t<\/div>\n\t\t\t\t\t\t\t<\/div>\n\t\t<\/section>\n\t\t\t\t\t\t<\/div>\n\t\t\t\t\t<\/div>","protected":false},"excerpt":{"rendered":"<p>About us Dewriter is not just a smart content editor, its more than that. It will be a whole suite of tools and services. Dewriter is the name of both the editor since it&#8217;s our main tool but its also the name of the whole suite of tools we are building. We love content and &hellip;<\/p>\n<p class=\"read-more\"> <a class=\"ast-button\"   href=\"https:\/\/dev.dewriter.com\/sv\/about-us\/\"> <span class=\"screen-reader-text\">Om oss<\/span> Read More \u00bb<\/a><\/p>","protected":false},"author":1,"featured_media":0,"parent":0,"menu_order":0,"comment_status":"closed","ping_status":"closed","template":"","meta":{"site-sidebar-layout":"no-sidebar","site-content-layout":"page-builder","ast-main-header-display":"","ast-hfb-above-header-display":"","ast-hfb-below-header-display":"","ast-hfb-mobile-header-display":"","site-post-title":"disabled","ast-breadcrumbs-content":"","ast-featured-img":"disabled","footer-sml-layout":"","theme-transparent-header-meta":"","adv-header-id-meta":"","stick-header-meta":"","header-above-stick-meta":"","header-main-stick-meta":"","header-below-stick-meta":""},"_links":{"self":[{"href":"https:\/\/dev.dewriter.com\/sv\/wp-json\/wp\/v2\/pages\/793"}],"collection":[{"href":"https:\/\/dev.dewriter.com\/sv\/wp-json\/wp\/v2\/pages"}],"about":[{"href":"https:\/\/dev.dewriter.com\/sv\/wp-json\/wp\/v2\/types\/page"}],"author":[{"embeddable":true,"href":"https:\/\/dev.dewriter.com\/sv\/wp-json\/wp\/v2\/users\/1"}],"replies":[{"embeddable":true,"href":"https:\/\/dev.dewriter.com\/sv\/wp-json\/wp\/v2\/comments?post=793"}],"version-history":[{"count":105,"href":"https:\/\/dev.dewriter.com\/sv\/wp-json\/wp\/v2\/pages\/793\/revisions"}],"predecessor-version":[{"id":1491,"href":"https:\/\/dev.dewriter.com\/sv\/wp-json\/wp\/v2\/pages\/793\/revisions\/1491"}],"wp:attachment":[{"href":"https:\/\/dev.dewriter.com\/sv\/wp-json\/wp\/v2\/media?parent=793"}],"curies":[{"name":"wp","href":"https:\/\/api.w.org\/{rel}","templated":true}]}}