{"id":874,"date":"2022-02-11T17:36:05","date_gmt":"2022-02-11T17:36:05","guid":{"rendered":"https:\/\/dev.dewriter.com\/?page_id=874"},"modified":"2022-03-03T20:42:45","modified_gmt":"2022-03-03T20:42:45","slug":"patch-notes","status":"publish","type":"page","link":"https:\/\/dev.dewriter.com\/sv\/patch-notes\/","title":{"rendered":"Versionsinformation"},"content":{"rendered":"<div data-elementor-type=\"wp-page\"  data-elementor-id=\"874\"  class=\"elementor elementor-874\"  data-elementor-settings=\"[]\">\n\t\t\t\t\t\t\t<div class=\"elementor-section-wrap\">\n\t\t\t\t\t\t\t<section class=\"elementor-section elementor-top-section elementor-element elementor-element-34d1111 elementor-section-boxed elementor-section-height-default elementor-section-height-default\"   data-id=\"34d1111\"  data-element_type=\"section\">\n\t\t\t\t\t\t<div class=\"elementor-container elementor-column-gap-default\">\n\t\t\t\t\t<div class=\"elementor-column elementor-col-100 elementor-top-column elementor-element elementor-element-ae6d33f\"  data-id=\"ae6d33f\" data-element_type=\"column\">\n\t\t\t<div class=\"elementor-widget-wrap elementor-element-populated\">\n\t\t\t\t\t\t\t\t<div class=\"elementor-element elementor-element-207542e elementor-widget elementor-widget-heading\"   data-id=\"207542e\"   data-element_type=\"widget\"  data-widget_type=\"heading.default\">\n\t\t\t\t<div class=\"elementor-widget-container\">\n\t\t\t<h1 class=\"elementor-heading-title elementor-size-default\">Versionsinformation<\/h1>\t\t<\/div>\n\t\t\t\t<\/div>\n\t\t\t\t<div class=\"elementor-element elementor-element-f5d2088 elementor-widget elementor-widget-text-editor\"   data-id=\"f5d2088\"   data-element_type=\"widget\"   data-widget_type=\"text-editor.default\">\n\t\t\t\t<div class=\"elementor-widget-container\">\n\t\t\t\t\t\t\t<p>Versionshistorik f\u00f6r v\u00e5ra tj\u00e4nster<\/p>\t\t\t\t\t\t<\/div>\n\t\t\t\t<\/div>\n\t\t\t\t\t<\/div>\n\t\t<\/div>\n\t\t\t\t\t\t\t<\/div>\n\t\t<\/section>\n\t\t\t\t<section class=\"elementor-section elementor-top-section elementor-element elementor-element-d0db509 elementor-section-boxed elementor-section-height-default elementor-section-height-default\"   data-id=\"d0db509\"   data-element_type=\"section\">\n\t\t\t\t\t\t<div class=\"elementor-container elementor-column-gap-default\">\n\t\t\t\t\t<div class=\"elementor-column elementor-col-50 elementor-top-column elementor-element elementor-element-27f0c69\"   data-id=\"27f0c69\" data-element_type=\"column\">\n\t\t\t<div class=\"elementor-widget-wrap elementor-element-populated\">\n\t\t\t\t\t\t\t\t<div class=\"elementor-element elementor-element-ccaf78c elementor-widget elementor-widget-heading\"   data-id=\"ccaf78c\"  data-element_type=\"widget\" data-widget_type=\"heading.default\">\n\t\t\t\t<div class=\"elementor-widget-container\">\n\t\t\t<h2 class=\"elementor-heading-title elementor-size-default\"><a href=\"https:\/\/dev.dewriter.com\/sv\/dewriter\/\">Dewriter<\/a><\/h2>\t\t<\/div>\n\t\t\t\t<\/div>\n\t\t\t\t<div class=\"elementor-element elementor-element-1689620 elementor-widget elementor-widget-accordion\"   data-id=\"1689620\"   data-element_type=\"widget\"   data-widget_type=\"accordion.default\">\n\t\t\t\t<div class=\"elementor-widget-container\">\n\t\t\t\t\t<div class=\"elementor-accordion\" role=\"tablist\">\n\t\t\t\t\t\t\t<div class=\"elementor-accordion-item\">\n\t\t\t\t\t<div id=\"elementor-tab-title-2361\"   class=\"elementor-tab-title\"   data-tab=\"1\"   role=\"tab\"   aria-controls=\"elementor-tab-content-2361\" aria-expanded=\"false\">\n\t\t\t\t\t\t\t\t\t\t\t\t\t<span class=\"elementor-accordion-icon elementor-accordion-icon-left\" aria-hidden=\"true\">\n\t\t\t\t\t\t\t\t\t\t\t\t\t\t\t<span class=\"elementor-accordion-icon-closed\"><i class=\"fas fa-plus\"><\/i><\/span>\n\t\t\t\t\t\t\t\t<span class=\"elementor-accordion-icon-opened\"><i class=\"fas fa-minus\"><\/i><\/span>\n\t\t\t\t\t\t\t\t\t\t\t\t\t\t<\/span>\n\t\t\t\t\t\t\t\t\t\t\t\t<a class=\"elementor-accordion-title\" href=\"\">V 1.0.01 | 2022-02-28<\/a>\n\t\t\t\t\t<\/div>\n\t\t\t\t\t<div id=\"elementor-tab-content-2361\"   class=\"elementor-tab-content elementor-clearfix\"   data-tab=\"1\"   role=\"tabpanel\"   aria-labelledby=\"elementor-tab-title-2361\"><ul><li>Funktion f\u00f6r att h\u00e4mta relaterade sidor fr\u00e5n Wikipedia finns nu tillg\u00e4ngligt f\u00f6r betalande medlemmar. Endast i beta-stadiet och kommer att vara tillg\u00e4nglig f\u00f6r alla anv\u00e4ndare senare.<\/li><li>Mindre buggfixar och optimeringar<\/li><\/ul><\/div>\n\t\t\t\t<\/div>\n\t\t\t\t\t\t\t<div class=\"elementor-accordion-item\">\n\t\t\t\t\t<div id=\"elementor-tab-title-2362\"   class=\"elementor-tab-title\"   data-tab=\"2\"   role=\"tab\"   aria-controls=\"elementor-tab-content-2362\"  aria-expanded=\"false\">\n\t\t\t\t\t\t\t\t\t\t\t\t\t<span class=\"elementor-accordion-icon elementor-accordion-icon-left\" aria-hidden=\"true\">\n\t\t\t\t\t\t\t\t\t\t\t\t\t\t\t<span class=\"elementor-accordion-icon-closed\"><i class=\"fas fa-plus\"><\/i><\/span>\n\t\t\t\t\t\t\t\t<span class=\"elementor-accordion-icon-opened\"><i class=\"fas fa-minus\"><\/i><\/span>\n\t\t\t\t\t\t\t\t\t\t\t\t\t\t<\/span>\n\t\t\t\t\t\t\t\t\t\t\t\t<a class=\"elementor-accordion-title\" href=\"\">V 1.0.0 | 2022-02-14<\/a>\n\t\t\t\t\t<\/div>\n\t\t\t\t\t<div id=\"elementor-tab-content-2362\"   class=\"elementor-tab-content elementor-clearfix\"   data-tab=\"2\"   role=\"tabpanel\"   aria-labelledby=\"elementor-tab-title-2362\"><p>First version of Dewriter content editor released with following features.<\/p><ul><li>Realtidsgranskning av textinneh\u00e5ll<\/li><li>Ordupps\u00e4ttningsdata med synonymer, m\u00f6jliga synonymer, del av tal m.m<\/li><li>Algoritmisk textsammanfattning och summering<\/li><li>Ber\u00e4kning av nyckelord<\/li><li>Ber\u00e4kning av nyckelfraser<\/li><li>M\u00f6jligt f\u00f6r betalande prenumeranter att spara och \u00e4ndra i befintliga projekt<\/li><li>M\u00f6jlighet att exportera som PDF f\u00f6r betalande prenumeranter<\/li><\/ul><\/div>\n\t\t\t\t<\/div>\n\t\t\t\t\t\t\t\t<\/div>\n\t\t\t\t<\/div>\n\t\t\t\t<\/div>\n\t\t\t\t<div class=\"elementor-element elementor-element-3121605 elementor-widget elementor-widget-button\"   data-id=\"3121605\"   data-element_type=\"widget\"   data-widget_type=\"button.default\">\n\t\t\t\t<div class=\"elementor-widget-container\">\n\t\t\t\t\t<div class=\"elementor-button-wrapper\">\n\t\t\t<a href=\"https:\/\/dev.dewriter.com\/sv\/dewriter\/\"   class=\"elementor-button-link elementor-button elementor-size-sm\" role=\"button\">\n\t\t\t\t\t\t<span class=\"elementor-button-content-wrapper\">\n\t\t\t\t\t\t<span class=\"elementor-button-icon elementor-align-icon-left\">\n\t\t\t\t<i aria-hidden=\"true\"  class=\"fas fa-arrow-alt-circle-right\"><\/i>\t\t\t<\/span>\n\t\t\t\t\t\t<span class=\"elementor-button-text\">G\u00e5 till tj\u00e4nsten<\/span>\n\t\t<\/span>\n\t\t\t\t\t<\/a>\n\t\t<\/div>\n\t\t\t\t<\/div>\n\t\t\t\t<\/div>\n\t\t\t\t\t<\/div>\n\t\t<\/div>\n\t\t\t\t<div class=\"elementor-column elementor-col-50 elementor-top-column elementor-element elementor-element-dcc0d45\"   data-id=\"dcc0d45\"   data-element_type=\"column\">\n\t\t\t<div class=\"elementor-widget-wrap elementor-element-populated\">\n\t\t\t\t\t\t\t\t<div class=\"elementor-element elementor-element-bab3522 elementor-widget elementor-widget-heading\"   data-id=\"bab3522\"   data-element_type=\"widget\"  data-widget_type=\"heading.default\">\n\t\t\t\t<div class=\"elementor-widget-container\">\n\t\t\t<h2 class=\"elementor-heading-title elementor-size-default\"><a href=\"https:\/\/dev.dewriter.com\/sv\/your-ip-address\/\">Whats my ip<\/a><\/h2>\t\t<\/div>\n\t\t\t\t<\/div>\n\t\t\t\t<div class=\"elementor-element elementor-element-5995818 elementor-widget elementor-widget-accordion\"   data-id=\"5995818\"   data-element_type=\"widget\"   data-widget_type=\"accordion.default\">\n\t\t\t\t<div class=\"elementor-widget-container\">\n\t\t\t\t\t<div class=\"elementor-accordion\" role=\"tablist\">\n\t\t\t\t\t\t\t<div class=\"elementor-accordion-item\">\n\t\t\t\t\t<div id=\"elementor-tab-title-9391\"   class=\"elementor-tab-title\"   data-tab=\"1\"   role=\"tab\"   aria-controls=\"elementor-tab-content-9391\" aria-expanded=\"false\">\n\t\t\t\t\t\t\t\t\t\t\t\t\t<span class=\"elementor-accordion-icon elementor-accordion-icon-left\" aria-hidden=\"true\">\n\t\t\t\t\t\t\t\t\t\t\t\t\t\t\t<span class=\"elementor-accordion-icon-closed\"><i class=\"fas fa-plus\"><\/i><\/span>\n\t\t\t\t\t\t\t\t<span class=\"elementor-accordion-icon-opened\"><i class=\"fas fa-minus\"><\/i><\/span>\n\t\t\t\t\t\t\t\t\t\t\t\t\t\t<\/span>\n\t\t\t\t\t\t\t\t\t\t\t\t<a class=\"elementor-accordion-title\" href=\"\">V 1.0.0 | 2022-03-03<\/a>\n\t\t\t\t\t<\/div>\n\t\t\t\t\t<div id=\"elementor-tab-content-9391\"   class=\"elementor-tab-content elementor-clearfix\"   data-tab=\"1\"   role=\"tabpanel\"   aria-labelledby=\"elementor-tab-title-9391\"><p>En v\u00e4ldigt enkel tj\u00e4nst som visar bes\u00f6karens publika ip-nummer<\/p><\/div>\n\t\t\t\t<\/div>\n\t\t\t\t\t\t\t\t<\/div>\n\t\t\t\t<\/div>\n\t\t\t\t<\/div>\n\t\t\t\t<div class=\"elementor-element elementor-element-785c3a0 elementor-widget elementor-widget-button\"   data-id=\"785c3a0\"   data-element_type=\"widget\"   data-widget_type=\"button.default\">\n\t\t\t\t<div class=\"elementor-widget-container\">\n\t\t\t\t\t<div class=\"elementor-button-wrapper\">\n\t\t\t<a href=\"https:\/\/dev.dewriter.com\/sv\/your-ip-address\/\"   class=\"elementor-button-link elementor-button elementor-size-sm\" role=\"button\">\n\t\t\t\t\t\t<span class=\"elementor-button-content-wrapper\">\n\t\t\t\t\t\t<span class=\"elementor-button-icon elementor-align-icon-left\">\n\t\t\t\t<i aria-hidden=\"true\"  class=\"fas fa-arrow-alt-circle-right\"><\/i>\t\t\t<\/span>\n\t\t\t\t\t\t<span class=\"elementor-button-text\">G\u00e5 till tj\u00e4nsten<\/span>\n\t\t<\/span>\n\t\t\t\t\t<\/a>\n\t\t<\/div>\n\t\t\t\t<\/div>\n\t\t\t\t<\/div>\n\t\t\t\t\t<\/div>\n\t\t<\/div>\n\t\t\t\t\t\t\t<\/div>\n\t\t<\/section>\n\t\t\t\t\t\t<\/div>\n\t\t\t\t\t<\/div>","protected":false},"excerpt":{"rendered":"<p>Patch notes Patch notes for our services Dewriter V 1.0.01 | 2022-02-28 Added wikipedia pages data as a beta feature for paying subscribers Smaller bug fixes and optimizations V 1.0.0 | 2022-02-14 First version of Dewriter content editor released with following features. Real time input monitoring of text Wordset data with synonyms, possible sybnonyms etc &hellip;<\/p>\n<p class=\"read-more\"> <a class=\"ast-button\"   href=\"https:\/\/dev.dewriter.com\/sv\/patch-notes\/\"> <span class=\"screen-reader-text\">Versionsinformation<\/span> Read More \u00bb<\/a><\/p>","protected":false},"author":1,"featured_media":0,"parent":0,"menu_order":0,"comment_status":"closed","ping_status":"closed","template":"","meta":{"site-sidebar-layout":"no-sidebar","site-content-layout":"page-builder","ast-main-header-display":"","ast-hfb-above-header-display":"","ast-hfb-below-header-display":"","ast-hfb-mobile-header-display":"","site-post-title":"disabled","ast-breadcrumbs-content":"","ast-featured-img":"disabled","footer-sml-layout":"","theme-transparent-header-meta":"","adv-header-id-meta":"","stick-header-meta":"","header-above-stick-meta":"","header-main-stick-meta":"","header-below-stick-meta":""},"_links":{"self":[{"href":"https:\/\/dev.dewriter.com\/sv\/wp-json\/wp\/v2\/pages\/874"}],"collection":[{"href":"https:\/\/dev.dewriter.com\/sv\/wp-json\/wp\/v2\/pages"}],"about":[{"href":"https:\/\/dev.dewriter.com\/sv\/wp-json\/wp\/v2\/types\/page"}],"author":[{"embeddable":true,"href":"https:\/\/dev.dewriter.com\/sv\/wp-json\/wp\/v2\/users\/1"}],"replies":[{"embeddable":true,"href":"https:\/\/dev.dewriter.com\/sv\/wp-json\/wp\/v2\/comments?post=874"}],"version-history":[{"count":14,"href":"https:\/\/dev.dewriter.com\/sv\/wp-json\/wp\/v2\/pages\/874\/revisions"}],"predecessor-version":[{"id":1481,"href":"https:\/\/dev.dewriter.com\/sv\/wp-json\/wp\/v2\/pages\/874\/revisions\/1481"}],"wp:attachment":[{"href":"https:\/\/dev.dewriter.com\/sv\/wp-json\/wp\/v2\/media?parent=874"}],"curies":[{"name":"wp","href":"https:\/\/api.w.org\/{rel}","templated":true}]}}